{"id":1577,"date":"2025-07-06T18:44:19","date_gmt":"2025-07-06T18:44:19","guid":{"rendered":"https:\/\/caminoalbergue.com\/?page_id=1577"},"modified":"2026-03-26T09:10:38","modified_gmt":"2026-03-26T09:10:38","slug":"ressources-du-camino","status":"publish","type":"page","link":"https:\/\/caminoalbergue.com\/fr\/camino-resources\/","title":{"rendered":"Ressources Camino"},"content":{"rendered":"<h2>Ressources Camino Albergue<\/h2>\n\n<p>Que vous pr\u00e9pariez votre premier p\u00e8lerinage sur le Camino de Santiago ou que vous soyez un peregrino chevronn\u00e9, cette page est l\u00e0 pour vous aider dans votre voyage. Vous trouverez ci-dessous des outils utiles, des sites Web recommand\u00e9s et des moyens de rester en contact avec la communaut\u00e9 du Camino. Si vous souhaitez cr\u00e9er un lien vers CaminoAlbergue.com ou montrer votre soutien, n'h\u00e9sitez pas \u00e0 utiliser notre badge ci-dessous.<\/p>\n\n\n<h3>Partagez notre logo \u2018Camino Albergue<\/h3>\n<p>Si vous tenez un blog sur les albergues ou le Camino de Santiago et que vous souhaitez \u00e9tablir un lien avec nous, n'h\u00e9sitez pas \u00e0 utiliser notre logo ci-dessous ! Copiez et collez simplement le code HTML dans votre site. Si vous \u00eates un propri\u00e9taire d'albergue v\u00e9rifi\u00e9, contactez-nous pour obtenir la version \u2018v\u00e9rifi\u00e9e\u2019.<\/p>\n\n<textarea rows=\"5\" cols=\"70\" readonly onclick=\"this.select()\">\n<a href=\"https:\/\/caminoalbergue.com\/fr\/\" target=\"_blank\" rel=\"noopener noreferrer\">\n  <img decoding=\"async\" src=\"https:\/\/caminoalbergue.com\/wp-content\/uploads\/2025\/04\/caminoalbergue.png\" alt=\"Camino Albergue\" style=\"width:150px; height:auto;\">\n<\/a>\n<\/textarea>\n\n<p>Voici \u00e0 quoi cela ressemblera sur votre site :<\/p>\n<a href=\"https:\/\/caminoalbergue.com\/fr\/\" target=\"_blank\" rel=\"noopener noreferrer\">\n  <img decoding=\"async\" src=\"https:\/\/caminoalbergue.com\/wp-content\/uploads\/2025\/04\/caminoalbergue.png\" alt=\"Camino Albergue\" style=\"width:150px; height:auto;\">\n<\/a>\n<button onclick=\"copyBadgeCode()\">Copier le code<\/button>\n\n<script>\nfunction copyBadgeCode() {\n  const textarea = document.querySelector(\"textarea\");\n  textarea.select();\n  document.execCommand(\"copy\");\n  alert(\"Badge code copied to clipboard!\");\n}\n<\/script>\n\n<h3>Sites recommand\u00e9s pour le Camino<\/h3>\n\n<p><strong><a href=\"https:\/\/www.caminodesantiago.me\/community\/\" target=\"_blank\" rel=\"noopener noreferrer\">Forum du Camino de Santiago<\/a><\/strong> - L'une des communaut\u00e9s en ligne les plus pr\u00e9cieuses pour les p\u00e8lerins du Camino. Fond\u00e9 et g\u00e9r\u00e9 par Ivar Rekve \u00e0 Saint-Jacques-de-Compostelle, le forum est une riche source de conseils, d'exp\u00e9riences personnelles, de mises \u00e0 jour sur les albergues et d'informations sur les itin\u00e9raires. Que vous soyez un p\u00e8lerin d\u00e9butant ou que vous pr\u00e9pariez votre dixi\u00e8me Camino, le forum est un espace accueillant pour poser des questions, partager des histoires et entrer en contact avec d'autres.<\/p>\n\n<p><strong><a href=\"https:\/\/www.gronze.com\/\" target=\"_blank\" rel=\"noopener noreferrer\">Gronze<\/a><\/strong> - L'un des sites web les plus complets pour les guides du Camino, en particulier pour les itin\u00e9raires espagnols. Il propose des descriptions \u00e9tape par \u00e9tape, des listes d'albergues avec des commentaires d'utilisateurs, des cartes, des profils d'\u00e9l\u00e9vation et des alternatives d'itin\u00e9raires. Bien que le site soit principalement en espagnol, il est tr\u00e8s visuel et facile \u00e0 naviguer m\u00eame si votre espagnol est limit\u00e9.<\/p>\n\n<p><strong><a href=\"https:\/\/www.wisepilgrim.com\/\" target=\"_blank\" rel=\"noopener noreferrer\">Guides du p\u00e8lerin avis\u00e9<\/a><\/strong> - Cr\u00e9\u00e9 par un ancien p\u00e8lerin, Wise Pilgrim propose des guides et une application mobile populaire avec des cartes hors ligne, des r\u00e9pertoires d'albergues et une planification d\u00e9taill\u00e9e des \u00e9tapes. Il couvre de nombreux itin\u00e9raires du Camino et est fr\u00e9quemment mis \u00e0 jour. Un excellent compagnon num\u00e9rique si vous marchez sans guide traditionnel.<\/p>\n\n<p><strong><a href=\"https:\/\/caminodesantiago.consumer.es\/\" target=\"_blank\" rel=\"noopener noreferrer\">Eroski Consumer Camino Guide<\/a><\/strong> - Une ressource en langue espagnole r\u00e9put\u00e9e pour sa fiabilit\u00e9 et sa profondeur. Elle comprend des cartes d'\u00e9tapes, des d\u00e9tails sur les albergues et des \u00e9valuations de la difficult\u00e9. M\u00eame les non-hispanophones peuvent tirer profit de ses illustrations claires et de Google Translate. Il s'agit d'une source de r\u00e9f\u00e9rence pour les mises \u00e0 jour des conditions de l'itin\u00e9raire et les changements d'albergues.<\/p>\n\n<p><strong><a href=\"https:\/\/americanpilgrims.org\/\" target=\"_blank\" rel=\"noopener noreferrer\">P\u00e8lerins am\u00e9ricains du Camino (APOC)<\/a><\/strong> - Une organisation \u00e0 but non lucratif qui soutient les p\u00e8lerins d'Am\u00e9rique du Nord. Elle propose une formation \u00e0 l'hospitalit\u00e9, des r\u00e9unions de sections locales, la distribution de titres de comp\u00e9tences et de bons conseils pour d\u00e9marrer. Cette communaut\u00e9 est particuli\u00e8rement utile pour les p\u00e8lerins bas\u00e9s aux \u00c9tats-Unis qui se pr\u00e9parent \u00e0 voyager.<\/p>\n\n<p><strong><a href=\"https:\/\/caminoninja.com\/\" target=\"_blank\" rel=\"noopener noreferrer\">Camino Ninja App<\/a><\/strong> - Une application gratuite con\u00e7ue par un p\u00e8lerin pour les p\u00e8lerins. Elle fonctionne hors ligne et fournit des listes d'albergues, le suivi de l'itin\u00e9raire par GPS, les distances entre les villes et des cartes de base. L\u00e9g\u00e8re, facile \u00e0 utiliser et utile lorsque vous \u00eates sur le sentier sans signal cellulaire.<\/p>\n\n<p><strong><a href=\"https:\/\/www.rome2rio.com\/\" target=\"_blank\" rel=\"noopener noreferrer\">Rome2Rio<\/a><\/strong> - Un excellent outil pour savoir comment se rendre \u00e0 votre point de d\u00e9part du Camino ou rentrer chez vous apr\u00e8s avoir atteint Santiago. Il indique les options de train, de bus, de vol et de covoiturage entre presque tous les points, ce qui facilite grandement la planification de la logistique du voyage.<\/p>\n\n<h3>Blogs sur le Camino de Santiago<\/h3>\n\n<p>Ces blogs personnels sont \u00e9crits par des p\u00e8lerins qui ont march\u00e9 sur le Camino et qui ont g\u00e9n\u00e9reusement partag\u00e9 leurs histoires en ligne. Ils regorgent de conseils, de photos, de r\u00e9flexions honn\u00eates et d'exp\u00e9riences directes qui peuvent vous aider \u00e0 pr\u00e9parer votre propre voyage et \u00e0 vous en inspirer.<\/p>\n\n<p><strong><a href=\"https:\/\/followtheyellowshell.com\/\" target=\"_blank\" rel=\"noopener noreferrer\">Suivre la coquille jaune<\/a><\/strong> - R\u00e9dig\u00e9 par un p\u00e8lerin passionn\u00e9 par le Camino, ce blog propose un m\u00e9lange de guides pratiques, de descriptions d'\u00e9tapes, de r\u00e9flexions \u00e9motionnelles et de magnifiques photos. Il est particuli\u00e8rement utile pour les p\u00e8lerins qui se pr\u00e9parent pour la premi\u00e8re fois au Camino Franc\u00e9s et \u00e0 d'autres itin\u00e9raires populaires.<\/p>\n\n<p><strong><a href=\"https:\/\/www.thecaminoprovides.com\/\" target=\"_blank\" rel=\"noopener noreferrer\">Le Camino fournit<\/a><\/strong> - \u00c9crit par Laurie Ferris, une p\u00e8lerine californienne, ce blog contient ses histoires personnelles sur le Camino, des commentaires sur le mat\u00e9riel, des conseils de voyage et des \u00e9v\u00e9nements communautaires. Elle participe activement \u00e0 l'association American Pilgrims on the Camino et publie souvent des articles r\u00e9dig\u00e9s par d'autres p\u00e8lerins.<\/p>\n\n<p><strong><a href=\"https:\/\/stingynomads.com\/camino-de-santiago\/\" target=\"_blank\" rel=\"noopener noreferrer\">Nomades avares<\/a><\/strong> - Un blog de voyage par un couple qui a parcouru plusieurs itin\u00e9raires du Camino. Leurs articles sont remplis de descriptions d'itin\u00e9raires, de listes de bagages, de budgets et de conseils pratiques pour diff\u00e9rents caminos comme le Franc\u00e9s, le Portugu\u00e9s et le Primitivo. Id\u00e9al pour les apprenants visuels et les planificateurs.<\/p>\n\n<p><strong><a href=\"https:\/\/www.caminomyway.com\/\" target=\"_blank\" rel=\"noopener noreferrer\">Camino My Way<\/a><\/strong> - Germain, ce blog pr\u00e9sente des r\u00e9flexions, des photographies et des r\u00e9cits de sa marche sur le Camino Franc\u00e9s. Il parle \u00e9galement d'autres p\u00e8lerinages et de sentiers naturels dans le monde entier.<\/p>\n\n<p><strong><a href=\"https:\/\/spainthenandnow.com\/spanish-places\/camino-de-santiago\" target=\"_blank\" rel=\"noopener noreferrer\">L'Espagne d'hier et d'aujourd'hui - S\u00e9rie Camino<\/a><\/strong> - Ce site m\u00eale histoire, culture et commentaires sur le Camino. La section sur le Camino comprend un aper\u00e7u des principales villes et \u00e9tapes, ainsi que des informations sur Saint-Jacques, la tradition du p\u00e8lerinage et l'art des cath\u00e9drales.<\/p>\n\n<h3>Regardez de vrais p\u00e8lerins marcher sur le Camino<\/h3>\n\n<p>Ces cr\u00e9ateurs de YouTube ont document\u00e9 leurs voyages sur le Camino, vous donnant un aper\u00e7u de premi\u00e8re main du rythme quotidien, des paysages, des d\u00e9fis et de la magie du p\u00e8lerinage. Que vous planifiez votre premier Camino ou que vous reviviez votre marche, ces vid\u00e9os sont une grande source d'inspiration et de conseils pratiques.<\/p>\n\n<p><strong><a href=\"https:\/\/www.youtube.com\/c\/RobsCamino\" target=\"_blank\" rel=\"noopener noreferrer\">Le Camino de Rob<\/a> \u25b6\ufe0f<\/strong> - Rob a parcouru plusieurs itin\u00e9raires du Camino et partage des journaux vid\u00e9o jour par jour remplis de conseils pratiques, de r\u00e9flexions et d'informations sur les itin\u00e9raires. Son contenu est accessible, honn\u00eate et id\u00e9al pour les d\u00e9butants qui se pr\u00e9parent pour les itin\u00e9raires Franc\u00e9s ou Portugu\u00e9s.<\/p>\n\n<p><strong><a href=\"https:\/\/www.youtube.com\/c\/HikingForGood\" target=\"_blank\" rel=\"noopener noreferrer\">La randonn\u00e9e au service de la sant\u00e9<\/a> \u25b6\ufe0f<\/strong> - La cha\u00eene d'Andrew se concentre sur la marche de longue distance, et sa s\u00e9rie sur le Camino associe de superbes images \u00e0 des commentaires r\u00e9fl\u00e9chis. Il traite de l'\u00e9quipement, des \u00e9tapes quotidiennes et de l'aspect \u00e9motionnel du voyage.<\/p>\n\n<p><strong><a href=\"https:\/\/www.youtube.com\/@KaraAndNate\" target=\"_blank\" rel=\"noopener noreferrer\">Kara et Nate<\/a> \u25b6\ufe0f<\/strong> - Bien qu'ils soient plus connus en tant que blogueurs de voyage, leur s\u00e9rie Camino Franc\u00e9s est tr\u00e8s divertissante et racontable. Ils offrent un point de vue unique en tant que nouveaux venus dans la marche p\u00e8lerine et partagent de nombreux moments de la vie r\u00e9elle tout au long du chemin.<\/p>\n\n<p><strong><a href=\"https:\/\/www.youtube.com\/c\/JohnnysJourneys\" target=\"_blank\" rel=\"noopener noreferrer\">Les voyages de Johnny<\/a> \u25b6\ufe0f<\/strong> - Un vlogger sympathique et terre-\u00e0-terre qui a march\u00e9 plusieurs fois sur le Camino. Ses vid\u00e9os sont simples, utiles et parfaites pour se faire une id\u00e9e de la vie quotidienne sur le chemin.<\/p>","protected":false},"excerpt":{"rendered":"<p>Camino Albergue Resources Whether you&#8217;re planning your first Camino de Santiago pilgrimage or you&#8217;re a seasoned peregrino, this page is here to support your journey. Below you&#8217;ll find helpful tools, recommended websites, and ways to stay connected with the Camino community. If you\u2019d like to link back to CaminoAlbergue.com or show your support, feel free [&hellip;]<\/p>\n","protected":false},"author":1,"featured_media":0,"parent":0,"menu_order":0,"comment_status":"closed","ping_status":"closed","template":"","meta":{"footnotes":""},"class_list":["post-1577","page","type-page","status-publish","hentry"],"yoast_head":"<!-- This site is optimized with the Yoast SEO plugin v27.3 - https:\/\/yoast.com\/product\/yoast-seo-wordpress\/ -->\n<title>Camino Resources<\/title>\n<meta name=\"description\" content=\"Check out some really helpful Camino de Santiago resources to help your research and prepare for your Camino pilgrimage.\" \/>\n<meta name=\"robots\" content=\"index, follow, max-snippet:-1, max-image-preview:large, max-video-preview:-1\" \/>\n<link rel=\"canonical\" href=\"https:\/\/caminoalbergue.com\/fr\/ressources-du-camino\/\" \/>\n<meta property=\"og:locale\" content=\"fr_FR\" \/>\n<meta property=\"og:type\" content=\"article\" \/>\n<meta property=\"og:title\" content=\"Camino Resources\" \/>\n<meta property=\"og:description\" content=\"Check out some really helpful Camino de Santiago resources to help your research and prepare for your Camino pilgrimage.\" \/>\n<meta property=\"og:url\" content=\"https:\/\/caminoalbergue.com\/fr\/ressources-du-camino\/\" \/>\n<meta property=\"og:site_name\" content=\"Camino Albergue\" \/>\n<meta property=\"article:publisher\" content=\"https:\/\/www.facebook.com\/profile.php?id=61575955299462\" \/>\n<meta property=\"article:modified_time\" content=\"2026-03-26T09:10:38+00:00\" \/>\n<meta property=\"og:image\" content=\"https:\/\/caminoalbergue.com\/wp-content\/uploads\/2025\/04\/caminoalbergue.png\" \/>\n<meta name=\"twitter:card\" content=\"summary_large_image\" \/>\n<script type=\"application\/ld+json\" class=\"yoast-schema-graph\">{\"@context\":\"https:\\\/\\\/schema.org\",\"@graph\":[{\"@type\":\"Article\",\"@id\":\"https:\\\/\\\/caminoalbergue.com\\\/camino-resources\\\/#article\",\"isPartOf\":{\"@id\":\"https:\\\/\\\/caminoalbergue.com\\\/camino-resources\\\/\"},\"author\":{\"name\":\"Mark\",\"@id\":\"https:\\\/\\\/caminoalbergue.com\\\/#\\\/schema\\\/person\\\/0a65662e63de1c825c3a9df3b1f90064\"},\"headline\":\"Camino Resources\",\"datePublished\":\"2025-07-06T18:44:19+00:00\",\"dateModified\":\"2026-03-26T09:10:38+00:00\",\"mainEntityOfPage\":{\"@id\":\"https:\\\/\\\/caminoalbergue.com\\\/camino-resources\\\/\"},\"wordCount\":917,\"publisher\":{\"@id\":\"https:\\\/\\\/caminoalbergue.com\\\/#organization\"},\"image\":{\"@id\":\"https:\\\/\\\/caminoalbergue.com\\\/camino-resources\\\/#primaryimage\"},\"thumbnailUrl\":\"https:\\\/\\\/caminoalbergue.com\\\/wp-content\\\/uploads\\\/2025\\\/04\\\/caminoalbergue.png\",\"inLanguage\":\"fr-FR\"},{\"@type\":\"WebPage\",\"@id\":\"https:\\\/\\\/caminoalbergue.com\\\/camino-resources\\\/\",\"url\":\"https:\\\/\\\/caminoalbergue.com\\\/camino-resources\\\/\",\"name\":\"Camino Resources\",\"isPartOf\":{\"@id\":\"https:\\\/\\\/caminoalbergue.com\\\/#website\"},\"primaryImageOfPage\":{\"@id\":\"https:\\\/\\\/caminoalbergue.com\\\/camino-resources\\\/#primaryimage\"},\"image\":{\"@id\":\"https:\\\/\\\/caminoalbergue.com\\\/camino-resources\\\/#primaryimage\"},\"thumbnailUrl\":\"https:\\\/\\\/caminoalbergue.com\\\/wp-content\\\/uploads\\\/2025\\\/04\\\/caminoalbergue.png\",\"datePublished\":\"2025-07-06T18:44:19+00:00\",\"dateModified\":\"2026-03-26T09:10:38+00:00\",\"description\":\"Check out some really helpful Camino de Santiago resources to help your research and prepare for your Camino pilgrimage.\",\"breadcrumb\":{\"@id\":\"https:\\\/\\\/caminoalbergue.com\\\/camino-resources\\\/#breadcrumb\"},\"inLanguage\":\"fr-FR\",\"potentialAction\":[{\"@type\":\"ReadAction\",\"target\":[\"https:\\\/\\\/caminoalbergue.com\\\/camino-resources\\\/\"]}]},{\"@type\":\"ImageObject\",\"inLanguage\":\"fr-FR\",\"@id\":\"https:\\\/\\\/caminoalbergue.com\\\/camino-resources\\\/#primaryimage\",\"url\":\"https:\\\/\\\/caminoalbergue.com\\\/wp-content\\\/uploads\\\/2025\\\/04\\\/caminoalbergue.png\",\"contentUrl\":\"https:\\\/\\\/caminoalbergue.com\\\/wp-content\\\/uploads\\\/2025\\\/04\\\/caminoalbergue.png\"},{\"@type\":\"BreadcrumbList\",\"@id\":\"https:\\\/\\\/caminoalbergue.com\\\/camino-resources\\\/#breadcrumb\",\"itemListElement\":[{\"@type\":\"ListItem\",\"position\":1,\"name\":\"Home\",\"item\":\"https:\\\/\\\/caminoalbergue.com\\\/\"},{\"@type\":\"ListItem\",\"position\":2,\"name\":\"Camino Resources\"}]},{\"@type\":\"WebSite\",\"@id\":\"https:\\\/\\\/caminoalbergue.com\\\/#website\",\"url\":\"https:\\\/\\\/caminoalbergue.com\\\/\",\"name\":\"Camino Albergue\",\"description\":\"Search Albergues and accommodation on the Camino de Santiago\",\"publisher\":{\"@id\":\"https:\\\/\\\/caminoalbergue.com\\\/#organization\"},\"potentialAction\":[{\"@type\":\"SearchAction\",\"target\":{\"@type\":\"EntryPoint\",\"urlTemplate\":\"https:\\\/\\\/caminoalbergue.com\\\/?s={search_term_string}\"},\"query-input\":{\"@type\":\"PropertyValueSpecification\",\"valueRequired\":true,\"valueName\":\"search_term_string\"}}],\"inLanguage\":\"fr-FR\"},{\"@type\":\"Organization\",\"@id\":\"https:\\\/\\\/caminoalbergue.com\\\/#organization\",\"name\":\"Camino Albergue\",\"url\":\"https:\\\/\\\/caminoalbergue.com\\\/\",\"logo\":{\"@type\":\"ImageObject\",\"inLanguage\":\"fr-FR\",\"@id\":\"https:\\\/\\\/caminoalbergue.com\\\/#\\\/schema\\\/logo\\\/image\\\/\",\"url\":\"https:\\\/\\\/caminoalbergue.com\\\/wp-content\\\/uploads\\\/2025\\\/07\\\/caminoalbergue-logo.png\",\"contentUrl\":\"https:\\\/\\\/caminoalbergue.com\\\/wp-content\\\/uploads\\\/2025\\\/07\\\/caminoalbergue-logo.png\",\"width\":512,\"height\":512,\"caption\":\"Camino Albergue\"},\"image\":{\"@id\":\"https:\\\/\\\/caminoalbergue.com\\\/#\\\/schema\\\/logo\\\/image\\\/\"},\"sameAs\":[\"https:\\\/\\\/www.facebook.com\\\/profile.php?id=61575955299462\",\"https:\\\/\\\/instagram.com\\\/caminoalbergue\"]},{\"@type\":\"Person\",\"@id\":\"https:\\\/\\\/caminoalbergue.com\\\/#\\\/schema\\\/person\\\/0a65662e63de1c825c3a9df3b1f90064\",\"name\":\"Mark\",\"image\":{\"@type\":\"ImageObject\",\"inLanguage\":\"fr-FR\",\"@id\":\"https:\\\/\\\/secure.gravatar.com\\\/avatar\\\/c8bb5106622039524f61fc83599a39891c7b9ba875aa28c0f19a1a96c9cd2881?s=96&d=mm&r=g\",\"url\":\"https:\\\/\\\/secure.gravatar.com\\\/avatar\\\/c8bb5106622039524f61fc83599a39891c7b9ba875aa28c0f19a1a96c9cd2881?s=96&d=mm&r=g\",\"contentUrl\":\"https:\\\/\\\/secure.gravatar.com\\\/avatar\\\/c8bb5106622039524f61fc83599a39891c7b9ba875aa28c0f19a1a96c9cd2881?s=96&d=mm&r=g\",\"caption\":\"Mark\"},\"sameAs\":[\"https:\\\/\\\/caminoalbergue.com\"],\"url\":\"https:\\\/\\\/caminoalbergue.com\\\/fr\\\/author\\\/mark-stevensfollowtheyellowshell-com\\\/\"}]}<\/script>\n<!-- \/ Yoast SEO plugin. -->","yoast_head_json":{"title":"Ressources Camino","description":"D\u00e9couvrez des ressources tr\u00e8s utiles sur le Camino de Santiago pour vous aider \u00e0 faire des recherches et \u00e0 pr\u00e9parer votre p\u00e8lerinage sur le Camino.","robots":{"index":"index","follow":"follow","max-snippet":"max-snippet:-1","max-image-preview":"max-image-preview:large","max-video-preview":"max-video-preview:-1"},"canonical":"https:\/\/caminoalbergue.com\/fr\/ressources-du-camino\/","og_locale":"fr_FR","og_type":"article","og_title":"Camino Resources","og_description":"Check out some really helpful Camino de Santiago resources to help your research and prepare for your Camino pilgrimage.","og_url":"https:\/\/caminoalbergue.com\/fr\/ressources-du-camino\/","og_site_name":"Camino Albergue","article_publisher":"https:\/\/www.facebook.com\/profile.php?id=61575955299462","article_modified_time":"2026-03-26T09:10:38+00:00","og_image":[{"url":"https:\/\/caminoalbergue.com\/wp-content\/uploads\/2025\/04\/caminoalbergue.png","type":"","width":"","height":""}],"twitter_card":"summary_large_image","schema":{"@context":"https:\/\/schema.org","@graph":[{"@type":"Article","@id":"https:\/\/caminoalbergue.com\/camino-resources\/#article","isPartOf":{"@id":"https:\/\/caminoalbergue.com\/camino-resources\/"},"author":{"name":"Mark","@id":"https:\/\/caminoalbergue.com\/#\/schema\/person\/0a65662e63de1c825c3a9df3b1f90064"},"headline":"Camino Resources","datePublished":"2025-07-06T18:44:19+00:00","dateModified":"2026-03-26T09:10:38+00:00","mainEntityOfPage":{"@id":"https:\/\/caminoalbergue.com\/camino-resources\/"},"wordCount":917,"publisher":{"@id":"https:\/\/caminoalbergue.com\/#organization"},"image":{"@id":"https:\/\/caminoalbergue.com\/camino-resources\/#primaryimage"},"thumbnailUrl":"https:\/\/caminoalbergue.com\/wp-content\/uploads\/2025\/04\/caminoalbergue.png","inLanguage":"fr-FR"},{"@type":"WebPage","@id":"https:\/\/caminoalbergue.com\/camino-resources\/","url":"https:\/\/caminoalbergue.com\/camino-resources\/","name":"Ressources Camino","isPartOf":{"@id":"https:\/\/caminoalbergue.com\/#website"},"primaryImageOfPage":{"@id":"https:\/\/caminoalbergue.com\/camino-resources\/#primaryimage"},"image":{"@id":"https:\/\/caminoalbergue.com\/camino-resources\/#primaryimage"},"thumbnailUrl":"https:\/\/caminoalbergue.com\/wp-content\/uploads\/2025\/04\/caminoalbergue.png","datePublished":"2025-07-06T18:44:19+00:00","dateModified":"2026-03-26T09:10:38+00:00","description":"D\u00e9couvrez des ressources tr\u00e8s utiles sur le Camino de Santiago pour vous aider \u00e0 faire des recherches et \u00e0 pr\u00e9parer votre p\u00e8lerinage sur le Camino.","breadcrumb":{"@id":"https:\/\/caminoalbergue.com\/camino-resources\/#breadcrumb"},"inLanguage":"fr-FR","potentialAction":[{"@type":"ReadAction","target":["https:\/\/caminoalbergue.com\/camino-resources\/"]}]},{"@type":"ImageObject","inLanguage":"fr-FR","@id":"https:\/\/caminoalbergue.com\/camino-resources\/#primaryimage","url":"https:\/\/caminoalbergue.com\/wp-content\/uploads\/2025\/04\/caminoalbergue.png","contentUrl":"https:\/\/caminoalbergue.com\/wp-content\/uploads\/2025\/04\/caminoalbergue.png"},{"@type":"BreadcrumbList","@id":"https:\/\/caminoalbergue.com\/camino-resources\/#breadcrumb","itemListElement":[{"@type":"ListItem","position":1,"name":"Home","item":"https:\/\/caminoalbergue.com\/"},{"@type":"ListItem","position":2,"name":"Camino Resources"}]},{"@type":"WebSite","@id":"https:\/\/caminoalbergue.com\/#website","url":"https:\/\/caminoalbergue.com\/","name":"Camino Albergue","description":"Recherche d'albergues et d'h\u00e9bergements sur le Camino de Santiago","publisher":{"@id":"https:\/\/caminoalbergue.com\/#organization"},"potentialAction":[{"@type":"SearchAction","target":{"@type":"EntryPoint","urlTemplate":"https:\/\/caminoalbergue.com\/?s={search_term_string}"},"query-input":{"@type":"PropertyValueSpecification","valueRequired":true,"valueName":"search_term_string"}}],"inLanguage":"fr-FR"},{"@type":"Organization","@id":"https:\/\/caminoalbergue.com\/#organization","name":"Camino Albergue","url":"https:\/\/caminoalbergue.com\/","logo":{"@type":"ImageObject","inLanguage":"fr-FR","@id":"https:\/\/caminoalbergue.com\/#\/schema\/logo\/image\/","url":"https:\/\/caminoalbergue.com\/wp-content\/uploads\/2025\/07\/caminoalbergue-logo.png","contentUrl":"https:\/\/caminoalbergue.com\/wp-content\/uploads\/2025\/07\/caminoalbergue-logo.png","width":512,"height":512,"caption":"Camino Albergue"},"image":{"@id":"https:\/\/caminoalbergue.com\/#\/schema\/logo\/image\/"},"sameAs":["https:\/\/www.facebook.com\/profile.php?id=61575955299462","https:\/\/instagram.com\/caminoalbergue"]},{"@type":"Person","@id":"https:\/\/caminoalbergue.com\/#\/schema\/person\/0a65662e63de1c825c3a9df3b1f90064","name":"Marque","image":{"@type":"ImageObject","inLanguage":"fr-FR","@id":"https:\/\/secure.gravatar.com\/avatar\/c8bb5106622039524f61fc83599a39891c7b9ba875aa28c0f19a1a96c9cd2881?s=96&d=mm&r=g","url":"https:\/\/secure.gravatar.com\/avatar\/c8bb5106622039524f61fc83599a39891c7b9ba875aa28c0f19a1a96c9cd2881?s=96&d=mm&r=g","contentUrl":"https:\/\/secure.gravatar.com\/avatar\/c8bb5106622039524f61fc83599a39891c7b9ba875aa28c0f19a1a96c9cd2881?s=96&d=mm&r=g","caption":"Mark"},"sameAs":["https:\/\/caminoalbergue.com"],"url":"https:\/\/caminoalbergue.com\/fr\/author\/mark-stevensfollowtheyellowshell-com\/"}]}},"_links":{"self":[{"href":"https:\/\/caminoalbergue.com\/fr\/wp-json\/wp\/v2\/pages\/1577","targetHints":{"allow":["GET"]}}],"collection":[{"href":"https:\/\/caminoalbergue.com\/fr\/wp-json\/wp\/v2\/pages"}],"about":[{"href":"https:\/\/caminoalbergue.com\/fr\/wp-json\/wp\/v2\/types\/page"}],"author":[{"embeddable":true,"href":"https:\/\/caminoalbergue.com\/fr\/wp-json\/wp\/v2\/users\/1"}],"replies":[{"embeddable":true,"href":"https:\/\/caminoalbergue.com\/fr\/wp-json\/wp\/v2\/comments?post=1577"}],"version-history":[{"count":18,"href":"https:\/\/caminoalbergue.com\/fr\/wp-json\/wp\/v2\/pages\/1577\/revisions"}],"predecessor-version":[{"id":4258,"href":"https:\/\/caminoalbergue.com\/fr\/wp-json\/wp\/v2\/pages\/1577\/revisions\/4258"}],"wp:attachment":[{"href":"https:\/\/caminoalbergue.com\/fr\/wp-json\/wp\/v2\/media?parent=1577"}],"curies":[{"name":"wp","href":"https:\/\/api.w.org\/{rel}","templated":true}]}}