{"id":279,"date":"2025-03-16T19:37:34","date_gmt":"2025-03-16T19:37:34","guid":{"rendered":"https:\/\/caminoalbergue.com\/?page_id=279"},"modified":"2025-10-23T15:47:38","modified_gmt":"2025-10-23T15:47:38","slug":"anbieter-2","status":"publish","type":"page","link":"https:\/\/caminoalbergue.com\/de\/vendors\/","title":{"rendered":"Anbieter"},"content":{"rendered":"","protected":false},"excerpt":{"rendered":"","protected":false},"author":1,"featured_media":0,"parent":0,"menu_order":0,"comment_status":"closed","ping_status":"closed","template":"","meta":{"footnotes":""},"class_list":["post-279","page","type-page","status-publish","hentry"],"yoast_head":"<!-- This site is optimized with the Yoast SEO plugin v27.4 - https:\/\/yoast.com\/product\/yoast-seo-wordpress\/ -->\n<title>Albergue owners and vendors<\/title>\n<meta name=\"description\" content=\"A list of all the Albergue owners and vendors on the Caminoalbergue.com directory of the Cami\u00f1o de Santiago Albergues.\" \/>\n<meta name=\"robots\" content=\"index, follow, max-snippet:-1, max-image-preview:large, max-video-preview:-1\" \/>\n<link rel=\"canonical\" href=\"https:\/\/caminoalbergue.com\/de\/anbieter-2\/\" \/>\n<meta property=\"og:locale\" content=\"de_DE\" \/>\n<meta property=\"og:type\" content=\"article\" \/>\n<meta property=\"og:title\" content=\"Albergue owners and vendors\" \/>\n<meta property=\"og:description\" content=\"A list of all the Albergue owners and vendors on the Caminoalbergue.com directory of the Cami\u00f1o de Santiago Albergues.\" \/>\n<meta property=\"og:url\" content=\"https:\/\/caminoalbergue.com\/de\/anbieter-2\/\" \/>\n<meta property=\"og:site_name\" content=\"Camino Albergue\" \/>\n<meta property=\"article:publisher\" content=\"https:\/\/www.facebook.com\/profile.php?id=61575955299462\" \/>\n<meta property=\"article:modified_time\" content=\"2025-10-23T15:47:38+00:00\" \/>\n<meta property=\"og:image\" content=\"https:\/\/caminoalbergue.com\/wp-content\/uploads\/2021\/11\/Municipal-albergue-on-el-camino-de-santiago.jpg.webp\" \/>\n\t<meta property=\"og:image:width\" content=\"1656\" \/>\n\t<meta property=\"og:image:height\" content=\"956\" \/>\n\t<meta property=\"og:image:type\" content=\"image\/webp\" \/>\n<meta name=\"twitter:card\" content=\"summary_large_image\" \/>\n<script type=\"application\/ld+json\" class=\"yoast-schema-graph\">{\"@context\":\"https:\\\/\\\/schema.org\",\"@graph\":[{\"@type\":\"Article\",\"@id\":\"https:\\\/\\\/caminoalbergue.com\\\/vendors\\\/#article\",\"isPartOf\":{\"@id\":\"https:\\\/\\\/caminoalbergue.com\\\/vendors\\\/\"},\"author\":{\"name\":\"Mark\",\"@id\":\"https:\\\/\\\/caminoalbergue.com\\\/#\\\/schema\\\/person\\\/0a65662e63de1c825c3a9df3b1f90064\"},\"headline\":\"Vendors\",\"datePublished\":\"2025-03-16T19:37:34+00:00\",\"dateModified\":\"2025-10-23T15:47:38+00:00\",\"mainEntityOfPage\":{\"@id\":\"https:\\\/\\\/caminoalbergue.com\\\/vendors\\\/\"},\"wordCount\":1,\"publisher\":{\"@id\":\"https:\\\/\\\/caminoalbergue.com\\\/#organization\"},\"inLanguage\":\"de\"},{\"@type\":\"WebPage\",\"@id\":\"https:\\\/\\\/caminoalbergue.com\\\/vendors\\\/\",\"url\":\"https:\\\/\\\/caminoalbergue.com\\\/vendors\\\/\",\"name\":\"Albergue owners and vendors\",\"isPartOf\":{\"@id\":\"https:\\\/\\\/caminoalbergue.com\\\/#website\"},\"datePublished\":\"2025-03-16T19:37:34+00:00\",\"dateModified\":\"2025-10-23T15:47:38+00:00\",\"description\":\"A list of all the Albergue owners and vendors on the Caminoalbergue.com directory of the Cami\u00f1o de Santiago Albergues.\",\"breadcrumb\":{\"@id\":\"https:\\\/\\\/caminoalbergue.com\\\/vendors\\\/#breadcrumb\"},\"inLanguage\":\"de\",\"potentialAction\":[{\"@type\":\"ReadAction\",\"target\":[\"https:\\\/\\\/caminoalbergue.com\\\/vendors\\\/\"]}]},{\"@type\":\"BreadcrumbList\",\"@id\":\"https:\\\/\\\/caminoalbergue.com\\\/vendors\\\/#breadcrumb\",\"itemListElement\":[{\"@type\":\"ListItem\",\"position\":1,\"name\":\"Home\",\"item\":\"https:\\\/\\\/caminoalbergue.com\\\/\"},{\"@type\":\"ListItem\",\"position\":2,\"name\":\"Vendors\"}]},{\"@type\":\"WebSite\",\"@id\":\"https:\\\/\\\/caminoalbergue.com\\\/#website\",\"url\":\"https:\\\/\\\/caminoalbergue.com\\\/\",\"name\":\"Camino Albergue\",\"description\":\"Search Albergues and accommodation on the Camino de Santiago\",\"publisher\":{\"@id\":\"https:\\\/\\\/caminoalbergue.com\\\/#organization\"},\"potentialAction\":[{\"@type\":\"SearchAction\",\"target\":{\"@type\":\"EntryPoint\",\"urlTemplate\":\"https:\\\/\\\/caminoalbergue.com\\\/?s={search_term_string}\"},\"query-input\":{\"@type\":\"PropertyValueSpecification\",\"valueRequired\":true,\"valueName\":\"search_term_string\"}}],\"inLanguage\":\"de\"},{\"@type\":\"Organization\",\"@id\":\"https:\\\/\\\/caminoalbergue.com\\\/#organization\",\"name\":\"Camino Albergue\",\"url\":\"https:\\\/\\\/caminoalbergue.com\\\/\",\"logo\":{\"@type\":\"ImageObject\",\"inLanguage\":\"de\",\"@id\":\"https:\\\/\\\/caminoalbergue.com\\\/#\\\/schema\\\/logo\\\/image\\\/\",\"url\":\"https:\\\/\\\/caminoalbergue.com\\\/wp-content\\\/uploads\\\/2025\\\/07\\\/caminoalbergue-logo.png\",\"contentUrl\":\"https:\\\/\\\/caminoalbergue.com\\\/wp-content\\\/uploads\\\/2025\\\/07\\\/caminoalbergue-logo.png\",\"width\":512,\"height\":512,\"caption\":\"Camino Albergue\"},\"image\":{\"@id\":\"https:\\\/\\\/caminoalbergue.com\\\/#\\\/schema\\\/logo\\\/image\\\/\"},\"sameAs\":[\"https:\\\/\\\/www.facebook.com\\\/profile.php?id=61575955299462\",\"https:\\\/\\\/instagram.com\\\/caminoalbergue\"]},{\"@type\":\"Person\",\"@id\":\"https:\\\/\\\/caminoalbergue.com\\\/#\\\/schema\\\/person\\\/0a65662e63de1c825c3a9df3b1f90064\",\"name\":\"Mark\",\"image\":{\"@type\":\"ImageObject\",\"inLanguage\":\"de\",\"@id\":\"https:\\\/\\\/secure.gravatar.com\\\/avatar\\\/c8bb5106622039524f61fc83599a39891c7b9ba875aa28c0f19a1a96c9cd2881?s=96&d=mm&r=g\",\"url\":\"https:\\\/\\\/secure.gravatar.com\\\/avatar\\\/c8bb5106622039524f61fc83599a39891c7b9ba875aa28c0f19a1a96c9cd2881?s=96&d=mm&r=g\",\"contentUrl\":\"https:\\\/\\\/secure.gravatar.com\\\/avatar\\\/c8bb5106622039524f61fc83599a39891c7b9ba875aa28c0f19a1a96c9cd2881?s=96&d=mm&r=g\",\"caption\":\"Mark\"},\"sameAs\":[\"https:\\\/\\\/caminoalbergue.com\"],\"url\":\"https:\\\/\\\/caminoalbergue.com\\\/de\\\/author\\\/mark-stevensfollowtheyellowshell-com\\\/\"}]}<\/script>\n<!-- \/ Yoast SEO plugin. -->","yoast_head_json":{"title":"Albergue-Besitzer und -Verk\u00e4ufer","description":"Eine Liste aller Albergue-Besitzer und -Verk\u00e4ufer im Caminoalbergue.com-Verzeichnis der Cami\u00f1o de Santiago Albergues.","robots":{"index":"index","follow":"follow","max-snippet":"max-snippet:-1","max-image-preview":"max-image-preview:large","max-video-preview":"max-video-preview:-1"},"canonical":"https:\/\/caminoalbergue.com\/de\/anbieter-2\/","og_locale":"de_DE","og_type":"article","og_title":"Albergue owners and vendors","og_description":"A list of all the Albergue owners and vendors on the Caminoalbergue.com directory of the Cami\u00f1o de Santiago Albergues.","og_url":"https:\/\/caminoalbergue.com\/de\/anbieter-2\/","og_site_name":"Camino Albergue","article_publisher":"https:\/\/www.facebook.com\/profile.php?id=61575955299462","article_modified_time":"2025-10-23T15:47:38+00:00","og_image":[{"width":1656,"height":956,"url":"https:\/\/caminoalbergue.com\/wp-content\/uploads\/2021\/11\/Municipal-albergue-on-el-camino-de-santiago.jpg.webp","type":"image\/webp"}],"twitter_card":"summary_large_image","schema":{"@context":"https:\/\/schema.org","@graph":[{"@type":"Article","@id":"https:\/\/caminoalbergue.com\/vendors\/#article","isPartOf":{"@id":"https:\/\/caminoalbergue.com\/vendors\/"},"author":{"name":"Mark","@id":"https:\/\/caminoalbergue.com\/#\/schema\/person\/0a65662e63de1c825c3a9df3b1f90064"},"headline":"Vendors","datePublished":"2025-03-16T19:37:34+00:00","dateModified":"2025-10-23T15:47:38+00:00","mainEntityOfPage":{"@id":"https:\/\/caminoalbergue.com\/vendors\/"},"wordCount":1,"publisher":{"@id":"https:\/\/caminoalbergue.com\/#organization"},"inLanguage":"de"},{"@type":"WebPage","@id":"https:\/\/caminoalbergue.com\/vendors\/","url":"https:\/\/caminoalbergue.com\/vendors\/","name":"Albergue-Besitzer und -Verk\u00e4ufer","isPartOf":{"@id":"https:\/\/caminoalbergue.com\/#website"},"datePublished":"2025-03-16T19:37:34+00:00","dateModified":"2025-10-23T15:47:38+00:00","description":"Eine Liste aller Albergue-Besitzer und -Verk\u00e4ufer im Caminoalbergue.com-Verzeichnis der Cami\u00f1o de Santiago Albergues.","breadcrumb":{"@id":"https:\/\/caminoalbergue.com\/vendors\/#breadcrumb"},"inLanguage":"de","potentialAction":[{"@type":"ReadAction","target":["https:\/\/caminoalbergue.com\/vendors\/"]}]},{"@type":"BreadcrumbList","@id":"https:\/\/caminoalbergue.com\/vendors\/#breadcrumb","itemListElement":[{"@type":"ListItem","position":1,"name":"Home","item":"https:\/\/caminoalbergue.com\/"},{"@type":"ListItem","position":2,"name":"Vendors"}]},{"@type":"WebSite","@id":"https:\/\/caminoalbergue.com\/#website","url":"https:\/\/caminoalbergue.com\/","name":"Camino Albergue","description":"Suche nach Albergues und Unterk\u00fcnften auf dem Camino de Santiago","publisher":{"@id":"https:\/\/caminoalbergue.com\/#organization"},"potentialAction":[{"@type":"SearchAction","target":{"@type":"EntryPoint","urlTemplate":"https:\/\/caminoalbergue.com\/?s={search_term_string}"},"query-input":{"@type":"PropertyValueSpecification","valueRequired":true,"valueName":"search_term_string"}}],"inLanguage":"de"},{"@type":"Organization","@id":"https:\/\/caminoalbergue.com\/#organization","name":"Camino Albergue","url":"https:\/\/caminoalbergue.com\/","logo":{"@type":"ImageObject","inLanguage":"de","@id":"https:\/\/caminoalbergue.com\/#\/schema\/logo\/image\/","url":"https:\/\/caminoalbergue.com\/wp-content\/uploads\/2025\/07\/caminoalbergue-logo.png","contentUrl":"https:\/\/caminoalbergue.com\/wp-content\/uploads\/2025\/07\/caminoalbergue-logo.png","width":512,"height":512,"caption":"Camino Albergue"},"image":{"@id":"https:\/\/caminoalbergue.com\/#\/schema\/logo\/image\/"},"sameAs":["https:\/\/www.facebook.com\/profile.php?id=61575955299462","https:\/\/instagram.com\/caminoalbergue"]},{"@type":"Person","@id":"https:\/\/caminoalbergue.com\/#\/schema\/person\/0a65662e63de1c825c3a9df3b1f90064","name":"Mark","image":{"@type":"ImageObject","inLanguage":"de","@id":"https:\/\/secure.gravatar.com\/avatar\/c8bb5106622039524f61fc83599a39891c7b9ba875aa28c0f19a1a96c9cd2881?s=96&d=mm&r=g","url":"https:\/\/secure.gravatar.com\/avatar\/c8bb5106622039524f61fc83599a39891c7b9ba875aa28c0f19a1a96c9cd2881?s=96&d=mm&r=g","contentUrl":"https:\/\/secure.gravatar.com\/avatar\/c8bb5106622039524f61fc83599a39891c7b9ba875aa28c0f19a1a96c9cd2881?s=96&d=mm&r=g","caption":"Mark"},"sameAs":["https:\/\/caminoalbergue.com"],"url":"https:\/\/caminoalbergue.com\/de\/author\/mark-stevensfollowtheyellowshell-com\/"}]}},"_links":{"self":[{"href":"https:\/\/caminoalbergue.com\/de\/wp-json\/wp\/v2\/pages\/279","targetHints":{"allow":["GET"]}}],"collection":[{"href":"https:\/\/caminoalbergue.com\/de\/wp-json\/wp\/v2\/pages"}],"about":[{"href":"https:\/\/caminoalbergue.com\/de\/wp-json\/wp\/v2\/types\/page"}],"author":[{"embeddable":true,"href":"https:\/\/caminoalbergue.com\/de\/wp-json\/wp\/v2\/users\/1"}],"replies":[{"embeddable":true,"href":"https:\/\/caminoalbergue.com\/de\/wp-json\/wp\/v2\/comments?post=279"}],"version-history":[{"count":1,"href":"https:\/\/caminoalbergue.com\/de\/wp-json\/wp\/v2\/pages\/279\/revisions"}],"predecessor-version":[{"id":280,"href":"https:\/\/caminoalbergue.com\/de\/wp-json\/wp\/v2\/pages\/279\/revisions\/280"}],"wp:attachment":[{"href":"https:\/\/caminoalbergue.com\/de\/wp-json\/wp\/v2\/media?parent=279"}],"curies":[{"name":"wp","href":"https:\/\/api.w.org\/{rel}","templated":true}]}}