{"id":1577,"date":"2025-07-06T18:44:19","date_gmt":"2025-07-06T18:44:19","guid":{"rendered":"https:\/\/caminoalbergue.com\/?page_id=1577"},"modified":"2026-03-26T09:10:38","modified_gmt":"2026-03-26T09:10:38","slug":"camino-ressourcen","status":"publish","type":"page","link":"https:\/\/caminoalbergue.com\/de\/camino-resources\/","title":{"rendered":"Camino Ressourcen"},"content":{"rendered":"<h2>Camino Albergue Ressourcen<\/h2>\n\n<p>Egal, ob Sie Ihre erste Jakobsweg-Pilgerreise planen oder ein erfahrener Peregrino sind, diese Seite soll Sie auf Ihrer Reise unterst\u00fctzen. Unten finden Sie hilfreiche Werkzeuge, empfohlene Webseiten und M\u00f6glichkeiten, mit der Camino-Gemeinschaft in Verbindung zu bleiben. Wenn Sie einen Link zu CaminoAlbergue.com setzen oder Ihre Unterst\u00fctzung zeigen m\u00f6chten, k\u00f6nnen Sie gerne unser Abzeichen unten verwenden.<\/p>\n\n\n<h3>Teilen Sie unser \u2018Camino Albergue\u2019 Logo<\/h3>\n<p>Wenn Sie eine Albergue oder einen Jakobsweg-Blog betreiben und uns verlinken m\u00f6chten, k\u00f6nnen Sie gerne unser Logo unten verwenden! Kopieren Sie einfach den HTML-Code und f\u00fcgen Sie ihn auf Ihrer Seite ein. Wenn Sie ein verifizierter Albergue-Besitzer sind, kontaktieren Sie uns f\u00fcr die \u2018verifizierte\u2019 Version<\/p>\n\n<textarea rows=\"5\" cols=\"70\" readonly onclick=\"this.select()\">\n<a href=\"https:\/\/caminoalbergue.com\/de\/\" target=\"_blank\" rel=\"noopener noreferrer\">\n  <img decoding=\"async\" src=\"https:\/\/caminoalbergue.com\/wp-content\/uploads\/2025\/04\/caminoalbergue.png\" alt=\"Camino Albergue\" style=\"width:150px; height:auto;\">\n<\/a>\n<\/textarea>\n\n<p>So wird es auf Ihrer Website aussehen:<\/p>\n<a href=\"https:\/\/caminoalbergue.com\/de\/\" target=\"_blank\" rel=\"noopener noreferrer\">\n  <img decoding=\"async\" src=\"https:\/\/caminoalbergue.com\/wp-content\/uploads\/2025\/04\/caminoalbergue.png\" alt=\"Camino Albergue\" style=\"width:150px; height:auto;\">\n<\/a>\n<button onclick=\"copyBadgeCode()\">Code kopieren<\/button>\n\n<script>\nfunction copyBadgeCode() {\n  const textarea = document.querySelector(\"textarea\");\n  textarea.select();\n  document.execCommand(\"copy\");\n  alert(\"Badge code copied to clipboard!\");\n}\n<\/script>\n\n<h3>Empfohlene Camino-Seiten<\/h3>\n\n<p><strong><a href=\"https:\/\/www.caminodesantiago.me\/community\/\" target=\"_blank\" rel=\"noopener noreferrer\">Camino de Santiago Forum<\/a><\/strong> - Eine der wertvollsten Online-Gemeinschaften f\u00fcr Camino-Pilger. Das von Ivar Rekve in Santiago de Compostela gegr\u00fcndete und betreute Forum ist eine reichhaltige Quelle f\u00fcr Ratschl\u00e4ge, pers\u00f6nliche Erfahrungen, Informationen zu Herbergen und zur Route. Egal, ob Sie zum ersten Mal pilgern oder Ihren zehnten Camino planen, das Forum ist ein einladender Ort, um Fragen zu stellen, Geschichten auszutauschen und sich mit anderen zu verbinden.<\/p>\n\n<p><strong><a href=\"https:\/\/www.gronze.com\/\" target=\"_blank\" rel=\"noopener noreferrer\">Gronze<\/a><\/strong> - Eine der umfangreichsten Websites f\u00fcr Camino-F\u00fchrer, insbesondere f\u00fcr spanische Routen. Sie bietet eine Aufschl\u00fcsselung der einzelnen Etappen, Albergue-Listen mit Benutzerbewertungen, Karten, H\u00f6henprofile und Routenalternativen. Obwohl die Seite haupts\u00e4chlich auf Spanisch ist, ist sie sehr anschaulich und leicht zu navigieren, auch wenn Ihr Spanisch begrenzt ist.<\/p>\n\n<p><strong><a href=\"https:\/\/www.wisepilgrim.com\/\" target=\"_blank\" rel=\"noopener noreferrer\">Wise Pilgrim Guides<\/a><\/strong> - Wise Pilgrim wurde von einem ehemaligen Pilger gegr\u00fcndet und bietet Reisef\u00fchrer und eine beliebte mobile App mit Offline-Karten, Herbergsverzeichnissen und detaillierter Etappenplanung. Die App deckt viele Camino-Routen ab und wird regelm\u00e4\u00dfig aktualisiert. Ein gro\u00dfartiger digitaler Begleiter, wenn Sie ohne einen traditionellen Reisef\u00fchrer unterwegs sind.<\/p>\n\n<p><strong><a href=\"https:\/\/caminodesantiago.consumer.es\/\" target=\"_blank\" rel=\"noopener noreferrer\">Eroski Camino-F\u00fchrer f\u00fcr Verbraucher<\/a><\/strong> - Eine spanischsprachige Quelle, die f\u00fcr ihre Zuverl\u00e4ssigkeit und Tiefe bekannt ist. Sie enth\u00e4lt Etappenkarten, Details zu Bergh\u00fctten und Schwierigkeitsbewertungen. Sogar Nicht-Spanisch-Sprecher k\u00f6nnen viel von der klaren Grafik und Google Translate profitieren. Die Seite ist eine gute Quelle f\u00fcr aktuelle Streckenbedingungen und \u00c4nderungen bei den Herbergen.<\/p>\n\n<p><strong><a href=\"https:\/\/americanpilgrims.org\/\" target=\"_blank\" rel=\"noopener noreferrer\">Amerikanische Pilger auf dem Camino (APOC)<\/a><\/strong> - Eine gemeinn\u00fctzige Organisation, die Pilger aus Nordamerika unterst\u00fctzt. Sie bietet Schulungen f\u00fcr Hospitaleros, Treffen von Ortsgruppen, Verteilung von Ausweisen und gute Ratschl\u00e4ge f\u00fcr den Einstieg. Ihre Gemeinschaft ist besonders hilfreich f\u00fcr Pilger aus den USA, die sich auf ihre Reise vorbereiten.<\/p>\n\n<p><strong><a href=\"https:\/\/caminoninja.com\/\" target=\"_blank\" rel=\"noopener noreferrer\">Camino Ninja App<\/a><\/strong> - Eine kostenlose App, entwickelt von einem Pilger f\u00fcr Pilger. Sie funktioniert offline und bietet Albergue-Listen, GPS-Routenverfolgung, Entfernungen zwischen St\u00e4dten und grundlegende Karten. Leicht, einfach zu bedienen und hilfreich, wenn Sie unterwegs sind, ohne Handy-Signal.<\/p>\n\n<p><strong><a href=\"https:\/\/www.rome2rio.com\/\" target=\"_blank\" rel=\"noopener noreferrer\">Rome2Rio<\/a><\/strong> - Ein hervorragendes Hilfsmittel, um herauszufinden, wie Sie zu Ihrem Camino-Startpunkt oder nach Santiago nach Hause kommen. Es zeigt Zug-, Bus-, Flug- und Mitfahrgelegenheiten zwischen fast jedem beliebigen Punkt an, was die Planung der Reiselogistik erheblich erleichtert.<\/p>\n\n<h3>Camino de Santiago Blogs<\/h3>\n\n<p>Diese pers\u00f6nlichen Blogs werden von Pilgern geschrieben, die den Camino gewandert sind und ihre Geschichten gro\u00dfz\u00fcgig online teilen. Sie sind voll von Tipps, Fotos, ehrlichen Reflexionen und Erfahrungen aus erster Hand, die Ihnen helfen k\u00f6nnen, sich auf Ihre eigene Reise vorzubereiten - und sich von ihr inspirieren zu lassen.<\/p>\n\n<p><strong><a href=\"https:\/\/followtheyellowshell.com\/\" target=\"_blank\" rel=\"noopener noreferrer\">Folgen Sie der gelben Muschel<\/a><\/strong> - Dieser Blog wurde von einem Pilger mit einer gro\u00dfen Leidenschaft f\u00fcr den Camino geschrieben und bietet eine Mischung aus praktischen Anleitungen, Etappenbeschreibungen, emotionalen Reflexionen und sch\u00f6nen Fotos. Er ist besonders hilfreich f\u00fcr Erstpilger, die sich auf den Camino Franc\u00e9s und andere beliebte Routen vorbereiten.<\/p>\n\n<p><strong><a href=\"https:\/\/www.thecaminoprovides.com\/\" target=\"_blank\" rel=\"noopener noreferrer\">Der Camino bietet<\/a><\/strong> - Dieser Blog wird von Laurie Ferris, einer Pilgerin aus Kalifornien, geschrieben und enth\u00e4lt ihre pers\u00f6nlichen Camino-Geschichten, Ausr\u00fcstungsberichte, Reisetipps und Gemeinschaftsveranstaltungen. Sie ist aktiv an American Pilgrims on the Camino beteiligt und ver\u00f6ffentlicht oft Gastbeitr\u00e4ge von anderen Pilgern.<\/p>\n\n<p><strong><a href=\"https:\/\/stingynomads.com\/camino-de-santiago\/\" target=\"_blank\" rel=\"noopener noreferrer\">Geizige Nomaden<\/a><\/strong> - Ein Reiseblog von einem Paar, das mehrere Camino-Routen gelaufen ist. Ihre Beitr\u00e4ge sind vollgepackt mit Routenbeschreibungen, Packlisten, Budgets und praktischen Tipps f\u00fcr verschiedene Caminos wie den Franc\u00e9s, Portugu\u00e9s und Primitivo. Ideal f\u00fcr visuell Lernende und Planer.<\/p>\n\n<p><strong><a href=\"https:\/\/www.caminomyway.com\/\" target=\"_blank\" rel=\"noopener noreferrer\">Camino Mein Weg<\/a><\/strong> - Der Autor und Pilger Randall St. Germain schreibt in diesem Blog \u00fcber Reflexionen, Fotos und Geschichten von seiner Wanderung auf dem Camino Franc\u00e9s. Er schreibt auch \u00fcber andere Pilger- und Naturpfade auf der ganzen Welt.<\/p>\n\n<p><strong><a href=\"https:\/\/spainthenandnow.com\/spanish-places\/camino-de-santiago\" target=\"_blank\" rel=\"noopener noreferrer\">Spanien damals und heute - Camino-Serie<\/a><\/strong> - Diese Website verbindet Geschichte, Kultur und Kommentare zum Camino. Der Abschnitt \u00fcber den Camino enth\u00e4lt durchdachte Einblicke in die wichtigsten St\u00e4dte und Etappen sowie Hintergrundinformationen \u00fcber Santiago, die Pilgertradition und die Kunst der Kathedralen.<\/p>\n\n<h3>Echte Pilger auf dem Camino beobachten<\/h3>\n\n<p>Diese YouTube-Autoren haben ihre Camino-Reisen dokumentiert und geben Ihnen einen Einblick in den Tagesrhythmus, die Landschaft, die Herausforderungen und die Magie der Pilgerreise aus erster Hand. Egal, ob Sie Ihren ersten Camino planen oder Ihre Wanderung noch einmal erleben m\u00f6chten, diese Videos sind eine gro\u00dfartige Quelle der Inspiration und praktische Ratschl\u00e4ge.<\/p>\n\n<p><strong><a href=\"https:\/\/www.youtube.com\/c\/RobsCamino\" target=\"_blank\" rel=\"noopener noreferrer\">Robs Camino<\/a> \u25b6\ufe0f<\/strong> - Rob ist mehrere Camino-Routen gelaufen und teilt Tag f\u00fcr Tag Videotageb\u00fccher mit praktischen Ratschl\u00e4gen, Reflexionen und Routeninformationen. Seine Inhalte sind zug\u00e4nglich, ehrlich und ideal f\u00fcr Anf\u00e4nger, die sich auf die Franc\u00e9s- oder Portugu\u00e9s-Route vorbereiten.<\/p>\n\n<p><strong><a href=\"https:\/\/www.youtube.com\/c\/HikingForGood\" target=\"_blank\" rel=\"noopener noreferrer\">Wandern f\u00fcr den guten Zweck<\/a> \u25b6\ufe0f<\/strong> - Andrews Kanal konzentriert sich auf Langstreckenwanderungen, und seine Camino-Serie kombiniert sch\u00f6ne Bilder mit nachdenklichen Kommentaren. Er berichtet \u00fcber Ausr\u00fcstung, Tagesetappen und die emotionale Seite der Reise.<\/p>\n\n<p><strong><a href=\"https:\/\/www.youtube.com\/@KaraAndNate\" target=\"_blank\" rel=\"noopener noreferrer\">Kara und Nate<\/a> \u25b6\ufe0f<\/strong> - Obwohl sie eher als Reise-Vlogger bekannt sind, ist ihre Camino Franc\u00e9s-Serie sehr unterhaltsam und nachvollziehbar. Sie bieten eine einzigartige Perspektive als Neulinge auf dem Pilgerweg und teilen viele Momente aus dem echten Leben auf dem Weg.<\/p>\n\n<p><strong><a href=\"https:\/\/www.youtube.com\/c\/JohnnysJourneys\" target=\"_blank\" rel=\"noopener noreferrer\">Johnnys Reisen<\/a> \u25b6\ufe0f<\/strong> - Ein freundlicher und bodenst\u00e4ndiger Vlogger, der den Camino schon mehrfach gegangen ist. Seine Videos sind einfach, hilfreich und perfekt, um ein visuelles Gef\u00fchl f\u00fcr das t\u00e4gliche Leben auf dem Weg zu bekommen.<\/p>","protected":false},"excerpt":{"rendered":"<p>Camino Albergue Resources Whether you&#8217;re planning your first Camino de Santiago pilgrimage or you&#8217;re a seasoned peregrino, this page is here to support your journey. Below you&#8217;ll find helpful tools, recommended websites, and ways to stay connected with the Camino community. If you\u2019d like to link back to CaminoAlbergue.com or show your support, feel free [&hellip;]<\/p>\n","protected":false},"author":1,"featured_media":0,"parent":0,"menu_order":0,"comment_status":"closed","ping_status":"closed","template":"","meta":{"footnotes":""},"class_list":["post-1577","page","type-page","status-publish","hentry"],"yoast_head":"<!-- This site is optimized with the Yoast SEO plugin v27.5 - https:\/\/yoast.com\/product\/yoast-seo-wordpress\/ -->\n<title>Camino Resources<\/title>\n<meta name=\"description\" content=\"Check out some really helpful Camino de Santiago resources to help your research and prepare for your Camino pilgrimage.\" \/>\n<meta name=\"robots\" content=\"index, follow, max-snippet:-1, max-image-preview:large, max-video-preview:-1\" \/>\n<link rel=\"canonical\" href=\"https:\/\/caminoalbergue.com\/de\/camino-ressourcen\/\" \/>\n<meta property=\"og:locale\" content=\"de_DE\" \/>\n<meta property=\"og:type\" content=\"article\" \/>\n<meta property=\"og:title\" content=\"Camino Resources\" \/>\n<meta property=\"og:description\" content=\"Check out some really helpful Camino de Santiago resources to help your research and prepare for your Camino pilgrimage.\" \/>\n<meta property=\"og:url\" content=\"https:\/\/caminoalbergue.com\/de\/camino-ressourcen\/\" \/>\n<meta property=\"og:site_name\" content=\"Camino Albergue\" \/>\n<meta property=\"article:publisher\" content=\"https:\/\/www.facebook.com\/profile.php?id=61575955299462\" \/>\n<meta property=\"article:modified_time\" content=\"2026-03-26T09:10:38+00:00\" \/>\n<meta property=\"og:image\" content=\"https:\/\/caminoalbergue.com\/wp-content\/uploads\/2025\/04\/caminoalbergue.png\" \/>\n<meta name=\"twitter:card\" content=\"summary_large_image\" \/>\n<script type=\"application\/ld+json\" class=\"yoast-schema-graph\">{\"@context\":\"https:\\\/\\\/schema.org\",\"@graph\":[{\"@type\":\"Article\",\"@id\":\"https:\\\/\\\/caminoalbergue.com\\\/camino-resources\\\/#article\",\"isPartOf\":{\"@id\":\"https:\\\/\\\/caminoalbergue.com\\\/camino-resources\\\/\"},\"author\":{\"name\":\"Mark\",\"@id\":\"https:\\\/\\\/caminoalbergue.com\\\/#\\\/schema\\\/person\\\/0a65662e63de1c825c3a9df3b1f90064\"},\"headline\":\"Camino Resources\",\"datePublished\":\"2025-07-06T18:44:19+00:00\",\"dateModified\":\"2026-03-26T09:10:38+00:00\",\"mainEntityOfPage\":{\"@id\":\"https:\\\/\\\/caminoalbergue.com\\\/camino-resources\\\/\"},\"wordCount\":917,\"publisher\":{\"@id\":\"https:\\\/\\\/caminoalbergue.com\\\/#organization\"},\"image\":{\"@id\":\"https:\\\/\\\/caminoalbergue.com\\\/camino-resources\\\/#primaryimage\"},\"thumbnailUrl\":\"https:\\\/\\\/caminoalbergue.com\\\/wp-content\\\/uploads\\\/2025\\\/04\\\/caminoalbergue.png\",\"inLanguage\":\"de\"},{\"@type\":\"WebPage\",\"@id\":\"https:\\\/\\\/caminoalbergue.com\\\/camino-resources\\\/\",\"url\":\"https:\\\/\\\/caminoalbergue.com\\\/camino-resources\\\/\",\"name\":\"Camino Resources\",\"isPartOf\":{\"@id\":\"https:\\\/\\\/caminoalbergue.com\\\/#website\"},\"primaryImageOfPage\":{\"@id\":\"https:\\\/\\\/caminoalbergue.com\\\/camino-resources\\\/#primaryimage\"},\"image\":{\"@id\":\"https:\\\/\\\/caminoalbergue.com\\\/camino-resources\\\/#primaryimage\"},\"thumbnailUrl\":\"https:\\\/\\\/caminoalbergue.com\\\/wp-content\\\/uploads\\\/2025\\\/04\\\/caminoalbergue.png\",\"datePublished\":\"2025-07-06T18:44:19+00:00\",\"dateModified\":\"2026-03-26T09:10:38+00:00\",\"description\":\"Check out some really helpful Camino de Santiago resources to help your research and prepare for your Camino pilgrimage.\",\"breadcrumb\":{\"@id\":\"https:\\\/\\\/caminoalbergue.com\\\/camino-resources\\\/#breadcrumb\"},\"inLanguage\":\"de\",\"potentialAction\":[{\"@type\":\"ReadAction\",\"target\":[\"https:\\\/\\\/caminoalbergue.com\\\/camino-resources\\\/\"]}]},{\"@type\":\"ImageObject\",\"inLanguage\":\"de\",\"@id\":\"https:\\\/\\\/caminoalbergue.com\\\/camino-resources\\\/#primaryimage\",\"url\":\"https:\\\/\\\/caminoalbergue.com\\\/wp-content\\\/uploads\\\/2025\\\/04\\\/caminoalbergue.png\",\"contentUrl\":\"https:\\\/\\\/caminoalbergue.com\\\/wp-content\\\/uploads\\\/2025\\\/04\\\/caminoalbergue.png\"},{\"@type\":\"BreadcrumbList\",\"@id\":\"https:\\\/\\\/caminoalbergue.com\\\/camino-resources\\\/#breadcrumb\",\"itemListElement\":[{\"@type\":\"ListItem\",\"position\":1,\"name\":\"Home\",\"item\":\"https:\\\/\\\/caminoalbergue.com\\\/\"},{\"@type\":\"ListItem\",\"position\":2,\"name\":\"Camino Resources\"}]},{\"@type\":\"WebSite\",\"@id\":\"https:\\\/\\\/caminoalbergue.com\\\/#website\",\"url\":\"https:\\\/\\\/caminoalbergue.com\\\/\",\"name\":\"Camino Albergue\",\"description\":\"Search Albergues and accommodation on the Camino de Santiago\",\"publisher\":{\"@id\":\"https:\\\/\\\/caminoalbergue.com\\\/#organization\"},\"potentialAction\":[{\"@type\":\"SearchAction\",\"target\":{\"@type\":\"EntryPoint\",\"urlTemplate\":\"https:\\\/\\\/caminoalbergue.com\\\/?s={search_term_string}\"},\"query-input\":{\"@type\":\"PropertyValueSpecification\",\"valueRequired\":true,\"valueName\":\"search_term_string\"}}],\"inLanguage\":\"de\"},{\"@type\":\"Organization\",\"@id\":\"https:\\\/\\\/caminoalbergue.com\\\/#organization\",\"name\":\"Camino Albergue\",\"url\":\"https:\\\/\\\/caminoalbergue.com\\\/\",\"logo\":{\"@type\":\"ImageObject\",\"inLanguage\":\"de\",\"@id\":\"https:\\\/\\\/caminoalbergue.com\\\/#\\\/schema\\\/logo\\\/image\\\/\",\"url\":\"https:\\\/\\\/caminoalbergue.com\\\/wp-content\\\/uploads\\\/2025\\\/07\\\/caminoalbergue-logo.png\",\"contentUrl\":\"https:\\\/\\\/caminoalbergue.com\\\/wp-content\\\/uploads\\\/2025\\\/07\\\/caminoalbergue-logo.png\",\"width\":512,\"height\":512,\"caption\":\"Camino Albergue\"},\"image\":{\"@id\":\"https:\\\/\\\/caminoalbergue.com\\\/#\\\/schema\\\/logo\\\/image\\\/\"},\"sameAs\":[\"https:\\\/\\\/www.facebook.com\\\/profile.php?id=61575955299462\",\"https:\\\/\\\/instagram.com\\\/caminoalbergue\"]},{\"@type\":\"Person\",\"@id\":\"https:\\\/\\\/caminoalbergue.com\\\/#\\\/schema\\\/person\\\/0a65662e63de1c825c3a9df3b1f90064\",\"name\":\"Mark\",\"image\":{\"@type\":\"ImageObject\",\"inLanguage\":\"de\",\"@id\":\"https:\\\/\\\/secure.gravatar.com\\\/avatar\\\/c8bb5106622039524f61fc83599a39891c7b9ba875aa28c0f19a1a96c9cd2881?s=96&d=mm&r=g\",\"url\":\"https:\\\/\\\/secure.gravatar.com\\\/avatar\\\/c8bb5106622039524f61fc83599a39891c7b9ba875aa28c0f19a1a96c9cd2881?s=96&d=mm&r=g\",\"contentUrl\":\"https:\\\/\\\/secure.gravatar.com\\\/avatar\\\/c8bb5106622039524f61fc83599a39891c7b9ba875aa28c0f19a1a96c9cd2881?s=96&d=mm&r=g\",\"caption\":\"Mark\"},\"sameAs\":[\"https:\\\/\\\/caminoalbergue.com\"],\"url\":\"https:\\\/\\\/caminoalbergue.com\\\/de\\\/author\\\/mark-stevensfollowtheyellowshell-com\\\/\"}]}<\/script>\n<!-- \/ Yoast SEO plugin. -->","yoast_head_json":{"title":"Camino Ressourcen","description":"Hier finden Sie einige wirklich hilfreiche Informationen \u00fcber den Jakobsweg, die Ihnen bei der Recherche und Vorbereitung Ihrer Pilgerreise helfen.","robots":{"index":"index","follow":"follow","max-snippet":"max-snippet:-1","max-image-preview":"max-image-preview:large","max-video-preview":"max-video-preview:-1"},"canonical":"https:\/\/caminoalbergue.com\/de\/camino-ressourcen\/","og_locale":"de_DE","og_type":"article","og_title":"Camino Resources","og_description":"Check out some really helpful Camino de Santiago resources to help your research and prepare for your Camino pilgrimage.","og_url":"https:\/\/caminoalbergue.com\/de\/camino-ressourcen\/","og_site_name":"Camino Albergue","article_publisher":"https:\/\/www.facebook.com\/profile.php?id=61575955299462","article_modified_time":"2026-03-26T09:10:38+00:00","og_image":[{"url":"https:\/\/caminoalbergue.com\/wp-content\/uploads\/2025\/04\/caminoalbergue.png","type":"","width":"","height":""}],"twitter_card":"summary_large_image","schema":{"@context":"https:\/\/schema.org","@graph":[{"@type":"Article","@id":"https:\/\/caminoalbergue.com\/camino-resources\/#article","isPartOf":{"@id":"https:\/\/caminoalbergue.com\/camino-resources\/"},"author":{"name":"Mark","@id":"https:\/\/caminoalbergue.com\/#\/schema\/person\/0a65662e63de1c825c3a9df3b1f90064"},"headline":"Camino Resources","datePublished":"2025-07-06T18:44:19+00:00","dateModified":"2026-03-26T09:10:38+00:00","mainEntityOfPage":{"@id":"https:\/\/caminoalbergue.com\/camino-resources\/"},"wordCount":917,"publisher":{"@id":"https:\/\/caminoalbergue.com\/#organization"},"image":{"@id":"https:\/\/caminoalbergue.com\/camino-resources\/#primaryimage"},"thumbnailUrl":"https:\/\/caminoalbergue.com\/wp-content\/uploads\/2025\/04\/caminoalbergue.png","inLanguage":"de"},{"@type":"WebPage","@id":"https:\/\/caminoalbergue.com\/camino-resources\/","url":"https:\/\/caminoalbergue.com\/camino-resources\/","name":"Camino Ressourcen","isPartOf":{"@id":"https:\/\/caminoalbergue.com\/#website"},"primaryImageOfPage":{"@id":"https:\/\/caminoalbergue.com\/camino-resources\/#primaryimage"},"image":{"@id":"https:\/\/caminoalbergue.com\/camino-resources\/#primaryimage"},"thumbnailUrl":"https:\/\/caminoalbergue.com\/wp-content\/uploads\/2025\/04\/caminoalbergue.png","datePublished":"2025-07-06T18:44:19+00:00","dateModified":"2026-03-26T09:10:38+00:00","description":"Hier finden Sie einige wirklich hilfreiche Informationen \u00fcber den Jakobsweg, die Ihnen bei der Recherche und Vorbereitung Ihrer Pilgerreise helfen.","breadcrumb":{"@id":"https:\/\/caminoalbergue.com\/camino-resources\/#breadcrumb"},"inLanguage":"de","potentialAction":[{"@type":"ReadAction","target":["https:\/\/caminoalbergue.com\/camino-resources\/"]}]},{"@type":"ImageObject","inLanguage":"de","@id":"https:\/\/caminoalbergue.com\/camino-resources\/#primaryimage","url":"https:\/\/caminoalbergue.com\/wp-content\/uploads\/2025\/04\/caminoalbergue.png","contentUrl":"https:\/\/caminoalbergue.com\/wp-content\/uploads\/2025\/04\/caminoalbergue.png"},{"@type":"BreadcrumbList","@id":"https:\/\/caminoalbergue.com\/camino-resources\/#breadcrumb","itemListElement":[{"@type":"ListItem","position":1,"name":"Home","item":"https:\/\/caminoalbergue.com\/"},{"@type":"ListItem","position":2,"name":"Camino Resources"}]},{"@type":"WebSite","@id":"https:\/\/caminoalbergue.com\/#website","url":"https:\/\/caminoalbergue.com\/","name":"Camino Albergue","description":"Suche nach Albergues und Unterk\u00fcnften auf dem Camino de Santiago","publisher":{"@id":"https:\/\/caminoalbergue.com\/#organization"},"potentialAction":[{"@type":"SearchAction","target":{"@type":"EntryPoint","urlTemplate":"https:\/\/caminoalbergue.com\/?s={search_term_string}"},"query-input":{"@type":"PropertyValueSpecification","valueRequired":true,"valueName":"search_term_string"}}],"inLanguage":"de"},{"@type":"Organization","@id":"https:\/\/caminoalbergue.com\/#organization","name":"Camino Albergue","url":"https:\/\/caminoalbergue.com\/","logo":{"@type":"ImageObject","inLanguage":"de","@id":"https:\/\/caminoalbergue.com\/#\/schema\/logo\/image\/","url":"https:\/\/caminoalbergue.com\/wp-content\/uploads\/2025\/07\/caminoalbergue-logo.png","contentUrl":"https:\/\/caminoalbergue.com\/wp-content\/uploads\/2025\/07\/caminoalbergue-logo.png","width":512,"height":512,"caption":"Camino Albergue"},"image":{"@id":"https:\/\/caminoalbergue.com\/#\/schema\/logo\/image\/"},"sameAs":["https:\/\/www.facebook.com\/profile.php?id=61575955299462","https:\/\/instagram.com\/caminoalbergue"]},{"@type":"Person","@id":"https:\/\/caminoalbergue.com\/#\/schema\/person\/0a65662e63de1c825c3a9df3b1f90064","name":"Mark","image":{"@type":"ImageObject","inLanguage":"de","@id":"https:\/\/secure.gravatar.com\/avatar\/c8bb5106622039524f61fc83599a39891c7b9ba875aa28c0f19a1a96c9cd2881?s=96&d=mm&r=g","url":"https:\/\/secure.gravatar.com\/avatar\/c8bb5106622039524f61fc83599a39891c7b9ba875aa28c0f19a1a96c9cd2881?s=96&d=mm&r=g","contentUrl":"https:\/\/secure.gravatar.com\/avatar\/c8bb5106622039524f61fc83599a39891c7b9ba875aa28c0f19a1a96c9cd2881?s=96&d=mm&r=g","caption":"Mark"},"sameAs":["https:\/\/caminoalbergue.com"],"url":"https:\/\/caminoalbergue.com\/de\/author\/mark-stevensfollowtheyellowshell-com\/"}]}},"_links":{"self":[{"href":"https:\/\/caminoalbergue.com\/de\/wp-json\/wp\/v2\/pages\/1577","targetHints":{"allow":["GET"]}}],"collection":[{"href":"https:\/\/caminoalbergue.com\/de\/wp-json\/wp\/v2\/pages"}],"about":[{"href":"https:\/\/caminoalbergue.com\/de\/wp-json\/wp\/v2\/types\/page"}],"author":[{"embeddable":true,"href":"https:\/\/caminoalbergue.com\/de\/wp-json\/wp\/v2\/users\/1"}],"replies":[{"embeddable":true,"href":"https:\/\/caminoalbergue.com\/de\/wp-json\/wp\/v2\/comments?post=1577"}],"version-history":[{"count":18,"href":"https:\/\/caminoalbergue.com\/de\/wp-json\/wp\/v2\/pages\/1577\/revisions"}],"predecessor-version":[{"id":4258,"href":"https:\/\/caminoalbergue.com\/de\/wp-json\/wp\/v2\/pages\/1577\/revisions\/4258"}],"wp:attachment":[{"href":"https:\/\/caminoalbergue.com\/de\/wp-json\/wp\/v2\/media?parent=1577"}],"curies":[{"name":"wp","href":"https:\/\/api.w.org\/{rel}","templated":true}]}}